{"id":19576,"date":"2023-09-07T17:34:17","date_gmt":"2023-09-07T15:34:17","guid":{"rendered":"https:\/\/kipark.de\/?page_id=19576"},"modified":"2025-11-29T08:44:20","modified_gmt":"2025-11-29T07:44:20","slug":"innovation","status":"publish","type":"page","link":"https:\/\/kipark.de\/en\/innovation\/","title":{"rendered":"Innovation"},"content":{"rendered":"<div data-elementor-type=\"wp-page\" data-elementor-id=\"19576\" class=\"elementor elementor-19576\" data-elementor-post-type=\"page\">\n\t\t\t\t\t\t<section class=\"elementor-section elementor-top-section elementor-element elementor-element-9f2a2a0 elementor-section-boxed elementor-section-height-default elementor-section-height-default\" data-id=\"9f2a2a0\" data-element_type=\"section\" data-e-type=\"section\" data-settings=\"{&quot;background_background&quot;:&quot;classic&quot;}\">\n\t\t\t\t\t\t\t<div class=\"elementor-background-overlay\"><\/div>\n\t\t\t\t\t\t\t<div class=\"elementor-container elementor-column-gap-no\">\n\t\t\t\t\t<div class=\"elementor-column elementor-col-100 elementor-top-column elementor-element elementor-element-35a9cbf\" data-id=\"35a9cbf\" data-element_type=\"column\" data-e-type=\"column\">\n\t\t\t<div class=\"elementor-widget-wrap elementor-element-populated\">\n\t\t\t\t\t\t<div class=\"elementor-element elementor-element-97a2c53 elementor-widget elementor-widget-elementskit-heading\" data-id=\"97a2c53\" data-element_type=\"widget\" data-e-type=\"widget\" data-settings=\"{&quot;ekit_we_effect_on&quot;:&quot;none&quot;}\" data-widget_type=\"elementskit-heading.default\">\n\t\t\t\t<div class=\"elementor-widget-container\">\n\t\t\t\t\t<div class=\"ekit-wid-con\" ><div class=\"ekit-heading elementskit-section-title-wraper text_center   ekit_heading_tablet-   ekit_heading_mobile-\"><h1 class=\"ekit-heading--title elementskit-section-title\">KI Park <span><span>Innovation<\/span><\/span><\/h1><\/div><\/div>\t\t\t\t<\/div>\n\t\t\t\t<\/div>\n\t\t\t\t\t<\/div>\n\t\t<\/div>\n\t\t\t\t\t<\/div>\n\t\t<\/section>\n\t\t\t\t<section class=\"elementor-section elementor-top-section elementor-element elementor-element-4d43c93 elementor-section-boxed elementor-section-height-default elementor-section-height-default\" data-id=\"4d43c93\" data-element_type=\"section\" data-e-type=\"section\" data-settings=\"{&quot;background_background&quot;:&quot;classic&quot;}\">\n\t\t\t\t\t\t\t<div class=\"elementor-background-overlay\"><\/div>\n\t\t\t\t\t\t\t<div class=\"elementor-container elementor-column-gap-no\">\n\t\t\t\t\t<div class=\"elementor-column elementor-col-50 elementor-top-column elementor-element elementor-element-be680af\" data-id=\"be680af\" data-element_type=\"column\" data-e-type=\"column\">\n\t\t\t<div class=\"elementor-widget-wrap elementor-element-populated\">\n\t\t\t\t\t\t<div class=\"elementor-element elementor-element-d271d6b elementor-widget elementor-widget-heading\" data-id=\"d271d6b\" data-element_type=\"widget\" data-e-type=\"widget\" data-settings=\"{&quot;ekit_we_effect_on&quot;:&quot;none&quot;}\" data-widget_type=\"heading.default\">\n\t\t\t\t<div class=\"elementor-widget-container\">\n\t\t\t\t\t<h2 class=\"elementor-heading-title elementor-size-default\"><strong>Gemeinsam KI in die Anwendung bringen<\/strong><\/h2>\t\t\t\t<\/div>\n\t\t\t\t<\/div>\n\t\t\t\t<div class=\"elementor-element elementor-element-b1cea97 elementor-widget__width-initial elementor-widget elementor-widget-text-editor\" data-id=\"b1cea97\" data-element_type=\"widget\" data-e-type=\"widget\" data-settings=\"{&quot;ekit_we_effect_on&quot;:&quot;none&quot;}\" data-widget_type=\"text-editor.default\">\n\t\t\t\t<div class=\"elementor-widget-container\">\n\t\t\t\t\t\t\t\t\tViele Organisationen erkennen das Potenzial von KI, scheitern jedoch an fehlenden Daten, Partnern oder Ressourcen, um aus Ideen echte Anwendungen zu machen.\n\nAls orchestrierendes \u00d6kosystem strukturieren wir eure Innovationsvorhaben, vernetzen die richtigen Partner und treiben Projekte gezielt voran. Wir begleiten wir Unternehmen entlang des gesamten Innovationsprozesses.\n\nWir unterst\u00fctzen Projektverantwortliche dabei, ihre Ideen weiterzuentwickeln und typische Umsetzungsh\u00fcrden zu \u00fcberwinden.\n\nAls neutrale Instanz b\u00fcndeln wir Kompetenzen aus Wirtschaft, Wissenschaft, Startups und \u00f6ffentlicher Hand und verbinden unterschiedliche Perspektiven. So f\u00f6rdern wir kollaborative, skalierbare KI-Innovationen &#8211; mit der Power des gesamten \u00d6kosystems.\t\t\t\t\t\t\t\t<\/div>\n\t\t\t\t<\/div>\n\t\t\t\t\t<\/div>\n\t\t<\/div>\n\t\t\t\t<div class=\"elementor-column elementor-col-50 elementor-top-column elementor-element elementor-element-bbac839\" data-id=\"bbac839\" data-element_type=\"column\" data-e-type=\"column\">\n\t\t\t<div class=\"elementor-widget-wrap elementor-element-populated\">\n\t\t\t\t\t\t<div class=\"elementor-element elementor-element-6f6769a elementor-invisible elementor-widget elementor-widget-image\" data-id=\"6f6769a\" data-element_type=\"widget\" data-e-type=\"widget\" data-settings=\"{&quot;_animation&quot;:&quot;fadeIn&quot;,&quot;ekit_we_effect_on&quot;:&quot;none&quot;}\" data-widget_type=\"image.default\">\n\t\t\t\t<div class=\"elementor-widget-container\">\n\t\t\t\t\t\t\t\t\t\t\t\t\t\t\t<img fetchpriority=\"high\" decoding=\"async\" width=\"512\" height=\"512\" src=\"https:\/\/kipark.de\/wp-content\/uploads\/2023\/10\/Grafiken_KI-Park_512x512_rackete.png\" class=\"elementor-animation-bob attachment-full size-full wp-image-21606\" alt=\"KI_Park Eine rote Rakete rast durch die schwarze Weite.\" srcset=\"https:\/\/kipark.de\/wp-content\/uploads\/2023\/10\/Grafiken_KI-Park_512x512_rackete.png 512w, https:\/\/kipark.de\/wp-content\/uploads\/2023\/10\/Grafiken_KI-Park_512x512_rackete-300x300.png 300w, https:\/\/kipark.de\/wp-content\/uploads\/2023\/10\/Grafiken_KI-Park_512x512_rackete-150x150.png 150w, https:\/\/kipark.de\/wp-content\/uploads\/2023\/10\/Grafiken_KI-Park_512x512_rackete-12x12.png 12w\" sizes=\"(max-width: 512px) 100vw, 512px\" \/>\t\t\t\t\t\t\t\t\t\t\t\t\t\t\t<\/div>\n\t\t\t\t<\/div>\n\t\t\t\t\t<\/div>\n\t\t<\/div>\n\t\t\t\t\t<\/div>\n\t\t<\/section>\n\t\t\t\t<section class=\"elementor-section elementor-top-section elementor-element elementor-element-208c969 elementor-section-content-middle elementor-section-boxed elementor-section-height-default elementor-section-height-default\" data-id=\"208c969\" data-element_type=\"section\" data-e-type=\"section\" data-settings=\"{&quot;background_background&quot;:&quot;classic&quot;}\">\n\t\t\t\t\t\t<div class=\"elementor-container elementor-column-gap-no\">\n\t\t\t\t\t<div class=\"elementor-column elementor-col-100 elementor-top-column elementor-element elementor-element-34a27d4\" data-id=\"34a27d4\" data-element_type=\"column\" data-e-type=\"column\">\n\t\t\t<div class=\"elementor-widget-wrap elementor-element-populated\">\n\t\t\t\t\t\t<div class=\"elementor-element elementor-element-ba16153 elementor-widget elementor-widget-text-editor\" data-id=\"ba16153\" data-element_type=\"widget\" data-e-type=\"widget\" data-settings=\"{&quot;ekit_we_effect_on&quot;:&quot;none&quot;}\" data-widget_type=\"text-editor.default\">\n\t\t\t\t<div class=\"elementor-widget-container\">\n\t\t\t\t\t\t\t\t\t<p style=\"font-size: 16px; line-height: 24px; text-align: center;\" data-eapps-font-size=\"16\" data-eapps-line-height=\"24\"><b>U<\/b><b style=\"font-size: 16px; line-height: 24px;\" data-eapps-font-size=\"16\" data-eapps-line-height=\"24\">nsere Mission: <\/b>KI Transformation\u00a0ist alleine schwer zu bew\u00e4ltigen. Im\u00a0KI Park\u00a0aktivieren wir ein einzigartiges \u00d6kosystem aus Menschen, Technologien und erprobten Formaten, um dich schneller von Zielen zu realer Wirkung zu bringen.\u2028<\/p>\t\t\t\t\t\t\t\t<\/div>\n\t\t\t\t<\/div>\n\t\t\t\t\t<\/div>\n\t\t<\/div>\n\t\t\t\t\t<\/div>\n\t\t<\/section>\n\t\t\t\t<section class=\"elementor-section elementor-top-section elementor-element elementor-element-2be064d elementor-section-content-middle elementor-section-boxed elementor-section-height-default elementor-section-height-default\" data-id=\"2be064d\" data-element_type=\"section\" data-e-type=\"section\" data-settings=\"{&quot;background_background&quot;:&quot;classic&quot;}\">\n\t\t\t\t\t\t<div class=\"elementor-container elementor-column-gap-no\">\n\t\t\t\t\t<div class=\"elementor-column elementor-col-100 elementor-top-column elementor-element elementor-element-a27457e\" data-id=\"a27457e\" data-element_type=\"column\" data-e-type=\"column\">\n\t\t\t<div class=\"elementor-widget-wrap elementor-element-populated\">\n\t\t\t\t\t\t<div class=\"elementor-element elementor-element-5bee5ba elementor-widget__width-inherit elementor-widget elementor-widget-heading\" data-id=\"5bee5ba\" data-element_type=\"widget\" data-e-type=\"widget\" data-settings=\"{&quot;ekit_we_effect_on&quot;:&quot;none&quot;}\" data-widget_type=\"heading.default\">\n\t\t\t\t<div class=\"elementor-widget-container\">\n\t\t\t\t\t<h2 class=\"elementor-heading-title elementor-size-default\">Unsere <b>Innovationsformate<\/b><\/h2>\t\t\t\t<\/div>\n\t\t\t\t<\/div>\n\t\t\t\t<div class=\"elementor-element elementor-element-ba05773 elementor-widget elementor-widget-text-editor\" data-id=\"ba05773\" data-element_type=\"widget\" data-e-type=\"widget\" data-settings=\"{&quot;ekit_we_effect_on&quot;:&quot;none&quot;}\" data-widget_type=\"text-editor.default\">\n\t\t\t\t<div class=\"elementor-widget-container\">\n\t\t\t\t\t\t\t\t\t<p>Lass dich inspirieren<\/p>\t\t\t\t\t\t\t\t<\/div>\n\t\t\t\t<\/div>\n\t\t\t\t\t<\/div>\n\t\t<\/div>\n\t\t\t\t\t<\/div>\n\t\t<\/section>\n\t\t\t\t<section class=\"elementor-section elementor-top-section elementor-element elementor-element-10870bc elementor-section-boxed elementor-section-height-default elementor-section-height-default\" data-id=\"10870bc\" data-element_type=\"section\" data-e-type=\"section\" data-settings=\"{&quot;background_background&quot;:&quot;classic&quot;}\">\n\t\t\t\t\t\t\t<div class=\"elementor-background-overlay\"><\/div>\n\t\t\t\t\t\t\t<div class=\"elementor-container elementor-column-gap-no\">\n\t\t\t\t\t<div class=\"elementor-column elementor-col-100 elementor-top-column elementor-element elementor-element-30b0ad6\" data-id=\"30b0ad6\" data-element_type=\"column\" data-e-type=\"column\">\n\t\t\t<div class=\"elementor-widget-wrap elementor-element-populated\">\n\t\t\t\t\t\t<section class=\"elementor-section elementor-inner-section elementor-element elementor-element-18f65cf elementor-section-boxed elementor-section-height-default elementor-section-height-default\" data-id=\"18f65cf\" data-element_type=\"section\" data-e-type=\"section\">\n\t\t\t\t\t\t<div class=\"elementor-container elementor-column-gap-no\">\n\t\t\t\t\t<div class=\"elementor-column elementor-col-33 elementor-inner-column elementor-element elementor-element-b737d11\" data-id=\"b737d11\" data-element_type=\"column\" data-e-type=\"column\" data-settings=\"{&quot;animation&quot;:&quot;none&quot;}\">\n\t\t\t<div class=\"elementor-widget-wrap elementor-element-populated\">\n\t\t\t\t\t\t<div class=\"elementor-element elementor-element-2649448 ekit-equal-height-enable elementor-widget elementor-widget-elementskit-icon-box\" data-id=\"2649448\" data-element_type=\"widget\" data-e-type=\"widget\" data-settings=\"{&quot;_animation&quot;:&quot;none&quot;,&quot;ekit_we_effect_on&quot;:&quot;none&quot;}\" data-widget_type=\"elementskit-icon-box.default\">\n\t\t\t\t<div class=\"elementor-widget-container\">\n\t\t\t\t\t<div class=\"ekit-wid-con\" >        <!-- link opening -->\n                <!-- end link opening -->\n\n        <div class=\"elementskit-infobox text-left text-left icon-top-align elementor-animation-\">\n                            <div class=\"elementskit-box-header\">\n                <div class=\"elementskit-info-box-icon\">\n                    <img decoding=\"async\" width=\"2560\" height=\"1707\" src=\"https:\/\/kipark.de\/wp-content\/uploads\/2025\/09\/L1008915-1-scaled.jpg\" class=\"attachment- size-\" alt=\"\" srcset=\"https:\/\/kipark.de\/wp-content\/uploads\/2025\/09\/L1008915-1-scaled.jpg 2560w, https:\/\/kipark.de\/wp-content\/uploads\/2025\/09\/L1008915-1-300x200.jpg 300w, https:\/\/kipark.de\/wp-content\/uploads\/2025\/09\/L1008915-1-1024x683.jpg 1024w, https:\/\/kipark.de\/wp-content\/uploads\/2025\/09\/L1008915-1-768x512.jpg 768w, https:\/\/kipark.de\/wp-content\/uploads\/2025\/09\/L1008915-1-1536x1024.jpg 1536w, https:\/\/kipark.de\/wp-content\/uploads\/2025\/09\/L1008915-1-2048x1365.jpg 2048w, https:\/\/kipark.de\/wp-content\/uploads\/2025\/09\/L1008915-1-18x12.jpg 18w\" sizes=\"(max-width: 2560px) 100vw, 2560px\" \/>                <\/div>\n          <\/div>\n                <div class=\"box-body\">\n                            <h3 class=\"elementskit-info-box-title\">\n                    FLAGSHIPS                <\/h3>\n                        \t\t  \t<p>A flagship project of the KI Park e.V. represents an ambitious initiative that translates the strategic fields of action of the KI Park into concrete and innovative measures. These projects focus on the comprehensive research and development of future-oriented AI technologies with the aim of achieving significant progress that goes far beyond conventional incremental improvements. <\/p>\n                                        <div class=\"box-footer disable_hover_button\">\n                    <div class=\"btn-wraper\">\n                                                            <a class=\"elementskit-btn whitespace--normal\" href=\"https:\/\/kipark.de\/en\/innovation\/flagship-projekte\/\">\n                                        Read more                                        <i aria-hidden=\"true\" class=\"icon icon-right-arrow\"><\/i>                                    <\/a>\n                                                        <\/div>\n                <\/div>\n                    <\/div>\n        \n        \n                <\/div>\n        <\/div>\t\t\t\t<\/div>\n\t\t\t\t<\/div>\n\t\t\t\t\t<\/div>\n\t\t<\/div>\n\t\t\t\t<div class=\"elementor-column elementor-col-33 elementor-inner-column elementor-element elementor-element-c2d2ec1\" data-id=\"c2d2ec1\" data-element_type=\"column\" data-e-type=\"column\" data-settings=\"{&quot;animation&quot;:&quot;none&quot;}\">\n\t\t\t<div class=\"elementor-widget-wrap elementor-element-populated\">\n\t\t\t\t\t\t<div class=\"elementor-element elementor-element-63997bd ekit-equal-height-enable elementor-widget elementor-widget-elementskit-icon-box\" data-id=\"63997bd\" data-element_type=\"widget\" data-e-type=\"widget\" data-settings=\"{&quot;_animation&quot;:&quot;none&quot;,&quot;ekit_we_effect_on&quot;:&quot;none&quot;}\" data-widget_type=\"elementskit-icon-box.default\">\n\t\t\t\t<div class=\"elementor-widget-container\">\n\t\t\t\t\t<div class=\"ekit-wid-con\" >        <!-- link opening -->\n                <!-- end link opening -->\n\n        <div class=\"elementskit-infobox text-left text- icon-lef-right-aligin elementor-animation-\">\n                        <div class=\"box-body\">\n                            <h3 class=\"elementskit-info-box-title\">\n                    CHALLENGES                <\/h3>\n                        \t\t  \t<p>An AI Park Challenge invites creative minds to develop breakthrough solutions to important societal challenges. Each Challenge brings together innovators, industry experts and academics to provide a vibrant platform for sharing, learning and growing together.<\/p>\n                                        <div class=\"box-footer disable_hover_button\">\n                    <div class=\"btn-wraper\">\n                                                            <a class=\"elementskit-btn whitespace--normal\" href=\"https:\/\/kipark.de\/en\/innovation\/challenges\/\">\n                                        Read more                                        <i aria-hidden=\"true\" class=\"icon icon-right-arrow\"><\/i>                                    <\/a>\n                                                        <\/div>\n                <\/div>\n                    <\/div>\n        \n        \n                <\/div>\n        <\/div>\t\t\t\t<\/div>\n\t\t\t\t<\/div>\n\t\t\t\t\t<\/div>\n\t\t<\/div>\n\t\t\t\t<div class=\"elementor-column elementor-col-33 elementor-inner-column elementor-element elementor-element-af564b6\" data-id=\"af564b6\" data-element_type=\"column\" data-e-type=\"column\" data-settings=\"{&quot;animation&quot;:&quot;none&quot;}\">\n\t\t\t<div class=\"elementor-widget-wrap elementor-element-populated\">\n\t\t\t\t\t\t<div class=\"elementor-element elementor-element-099336e ekit-equal-height-enable elementor-widget elementor-widget-elementskit-icon-box\" data-id=\"099336e\" data-element_type=\"widget\" data-e-type=\"widget\" data-settings=\"{&quot;ekit_we_effect_on&quot;:&quot;none&quot;}\" data-widget_type=\"elementskit-icon-box.default\">\n\t\t\t\t<div class=\"elementor-widget-container\">\n\t\t\t\t\t<div class=\"ekit-wid-con\" >        <!-- link opening -->\n                <!-- end link opening -->\n\n        <div class=\"elementskit-infobox text-left text- icon-lef-right-aligin elementor-animation-\">\n                        <div class=\"box-body\">\n                            <h3 class=\"elementskit-info-box-title\">\n                    AI FOR SUSTAINABILITY CONNECT PROGRAMME                <\/h3>\n                        \t\t  \t<p>The AI Connect for Sustainability programme aims to solve business challenges in the field of sustainability. It presents new AI prototypes developed by AI start-ups. The programme promotes innovative solutions for sustainable business.<\/p>\n                                        <div class=\"box-footer disable_hover_button\">\n                    <div class=\"btn-wraper\">\n                                                            <a class=\"elementskit-btn whitespace--normal\" href=\"https:\/\/kipark.de\/en\/innovation\/ai-connect-programm\/\">\n                                        Read more                                        <i aria-hidden=\"true\" class=\"icon icon-right-arrow\"><\/i>                                    <\/a>\n                                                        <\/div>\n                <\/div>\n                    <\/div>\n        \n        \n                <\/div>\n        <\/div>\t\t\t\t<\/div>\n\t\t\t\t<\/div>\n\t\t\t\t\t<\/div>\n\t\t<\/div>\n\t\t\t\t\t<\/div>\n\t\t<\/section>\n\t\t\t\t<section class=\"elementor-section elementor-inner-section elementor-element elementor-element-d3ca8ee elementor-section-boxed elementor-section-height-default elementor-section-height-default\" data-id=\"d3ca8ee\" data-element_type=\"section\" data-e-type=\"section\">\n\t\t\t\t\t\t<div class=\"elementor-container elementor-column-gap-no\">\n\t\t\t\t\t<div class=\"elementor-column elementor-col-33 elementor-inner-column elementor-element elementor-element-8b99e7f\" data-id=\"8b99e7f\" data-element_type=\"column\" data-e-type=\"column\" data-settings=\"{&quot;animation&quot;:&quot;none&quot;}\">\n\t\t\t<div class=\"elementor-widget-wrap elementor-element-populated\">\n\t\t\t\t\t\t<div class=\"elementor-element elementor-element-22b6556 ekit-equal-height-enable elementor-widget elementor-widget-elementskit-icon-box\" data-id=\"22b6556\" data-element_type=\"widget\" data-e-type=\"widget\" data-settings=\"{&quot;_animation&quot;:&quot;none&quot;,&quot;ekit_we_effect_on&quot;:&quot;none&quot;}\" data-widget_type=\"elementskit-icon-box.default\">\n\t\t\t\t<div class=\"elementor-widget-container\">\n\t\t\t\t\t<div class=\"ekit-wid-con\" >        <!-- link opening -->\n                <!-- end link opening -->\n\n        <div class=\"elementskit-infobox text-left text-left icon-top-align elementor-animation-\">\n                    <div class=\"elementskit-box-header elementor-animation-\">\n                <div class=\"elementskit-info-box-icon\">\n                    <i aria-hidden=\"true\" class=\"elementkit-infobox-icon icon icon-app\"><\/i>\n                <\/div>\n          <\/div>\n                        <div class=\"box-body\">\n                            <h3 class=\"elementskit-info-box-title\">\n                    FUNDING RADAR                <\/h3>\n                        \t\t  \t<p>The Funding Radar of the KI Park is an exclusive service for members that supports you in research and innovation projects. It offers monthly newsletters, help with consortium building and idea generation, participation in projects and support with applications. The focus is on AI and relevant technology fields.<\/p>\n                                        <div class=\"box-footer disable_hover_button\">\n                    <div class=\"btn-wraper\">\n                                                            <a class=\"elementskit-btn whitespace--normal\" href=\"https:\/\/kipark.de\/en\/innovation\/funding-radar\/\">\n                                        Read more                                        <i aria-hidden=\"true\" class=\"icon icon-right-arrow\"><\/i>                                    <\/a>\n                                                        <\/div>\n                <\/div>\n                    <\/div>\n        \n        \n                <\/div>\n        <\/div>\t\t\t\t<\/div>\n\t\t\t\t<\/div>\n\t\t\t\t\t<\/div>\n\t\t<\/div>\n\t\t\t\t<div class=\"elementor-column elementor-col-33 elementor-inner-column elementor-element elementor-element-cd361f3\" data-id=\"cd361f3\" data-element_type=\"column\" data-e-type=\"column\" data-settings=\"{&quot;animation&quot;:&quot;none&quot;}\">\n\t\t\t<div class=\"elementor-widget-wrap elementor-element-populated\">\n\t\t\t\t\t\t<div class=\"elementor-element elementor-element-bf6b5a5 ekit-equal-height-enable elementor-widget elementor-widget-elementskit-icon-box\" data-id=\"bf6b5a5\" data-element_type=\"widget\" data-e-type=\"widget\" data-settings=\"{&quot;_animation&quot;:&quot;none&quot;,&quot;ekit_we_effect_on&quot;:&quot;none&quot;}\" data-widget_type=\"elementskit-icon-box.default\">\n\t\t\t\t<div class=\"elementor-widget-container\">\n\t\t\t\t\t<div class=\"ekit-wid-con\" >        <!-- link opening -->\n                <!-- end link opening -->\n\n        <div class=\"elementskit-infobox text-left text-left icon-top-align elementor-animation-\">\n                    <div class=\"elementskit-box-header elementor-animation-\">\n                <div class=\"elementskit-info-box-icon\">\n                    <i aria-hidden=\"true\" class=\"elementkit-infobox-icon icon icon-app\"><\/i>\n                <\/div>\n          <\/div>\n                        <div class=\"box-body\">\n                            <h3 class=\"elementskit-info-box-title\">\n                    STUDENT PROJECTS                <\/h3>\n                        \t\t  \t<p>The AI Park provides partnerships and access to the AI ecosystem for AI student initiatives and supports young tech-savvy and entrepreneurial individuals to nurture the next generation of innovators.<\/p>\n                                        <div class=\"box-footer disable_hover_button\">\n                    <div class=\"btn-wraper\">\n                                                            <a class=\"elementskit-btn whitespace--normal\" href=\"https:\/\/kipark.de\/en\/innovation\/studierendenprojekte\/\">\n                                        Read more                                        <i aria-hidden=\"true\" class=\"icon icon-right-arrow\"><\/i>                                    <\/a>\n                                                        <\/div>\n                <\/div>\n                    <\/div>\n        \n        \n                <\/div>\n        <\/div>\t\t\t\t<\/div>\n\t\t\t\t<\/div>\n\t\t\t\t\t<\/div>\n\t\t<\/div>\n\t\t\t\t<div class=\"elementor-column elementor-col-33 elementor-inner-column elementor-element elementor-element-0b7be6b elementor-hidden-desktop elementor-hidden-tablet elementor-hidden-mobile\" data-id=\"0b7be6b\" data-element_type=\"column\" data-e-type=\"column\" data-settings=\"{&quot;animation&quot;:&quot;none&quot;}\">\n\t\t\t<div class=\"elementor-widget-wrap elementor-element-populated\">\n\t\t\t\t\t\t<div class=\"elementor-element elementor-element-1f61a67 ekit-equal-height-enable elementor-widget elementor-widget-elementskit-icon-box\" data-id=\"1f61a67\" data-element_type=\"widget\" data-e-type=\"widget\" data-settings=\"{&quot;_animation&quot;:&quot;none&quot;,&quot;ekit_we_effect_on&quot;:&quot;none&quot;}\" data-widget_type=\"elementskit-icon-box.default\">\n\t\t\t\t<div class=\"elementor-widget-container\">\n\t\t\t\t\t<div class=\"ekit-wid-con\" >        <!-- link opening -->\n                <!-- end link opening -->\n\n        <div class=\"elementskit-infobox text-left text-left icon-top-align elementor-animation-\">\n                    <div class=\"elementskit-box-header elementor-animation-\">\n                <div class=\"elementskit-info-box-icon\">\n                    <i aria-hidden=\"true\" class=\"elementkit-infobox-icon icon icon-app\"><\/i>\n                <\/div>\n          <\/div>\n                        <div class=\"box-body\">\n                            <h3 class=\"elementskit-info-box-title\">\n                    EXPERT OFFICE HOURS                <\/h3>\n                        \t\t  \t<p>Lorem ipsum dolor sit amet, consetetur sadipscing elitr, sed diam nonumy eirmod tempor invidunt ut labore et dolore magna aliquyam erat, sed diam voluptua. At<\/p>\n                                        <div class=\"box-footer disable_hover_button\">\n                    <div class=\"btn-wraper\">\n                                                            <a class=\"elementskit-btn whitespace--normal\" href=\"#\">\n                                        Read more                                        <i aria-hidden=\"true\" class=\"icon icon-right-arrow\"><\/i>                                    <\/a>\n                                                        <\/div>\n                <\/div>\n                    <\/div>\n        \n        \n                <\/div>\n        <\/div>\t\t\t\t<\/div>\n\t\t\t\t<\/div>\n\t\t\t\t\t<\/div>\n\t\t<\/div>\n\t\t\t\t\t<\/div>\n\t\t<\/section>\n\t\t\t\t\t<\/div>\n\t\t<\/div>\n\t\t\t\t\t<\/div>\n\t\t<\/section>\n\t\t\t\t<\/div>","protected":false},"excerpt":{"rendered":"<p>KI Park Innovation Gemeinsam KI in die Anwendung bringen Viele Organisationen erkennen das Potenzial von KI, scheitern jedoch an fehlenden Daten, Partnern oder Ressourcen, um aus Ideen echte Anwendungen zu machen. Als orchestrierendes \u00d6kosystem strukturieren wir eure Innovationsvorhaben, vernetzen die richtigen Partner und treiben Projekte gezielt voran. Wir begleiten wir Unternehmen entlang des gesamten Innovationsprozesses. [&hellip;]<\/p>\n","protected":false},"author":10,"featured_media":0,"parent":0,"menu_order":0,"comment_status":"closed","ping_status":"closed","template":"","meta":{"footnotes":""},"class_list":["post-19576","page","type-page","status-publish","hentry"],"aioseo_notices":[],"jetpack_sharing_enabled":true,"_links":{"self":[{"href":"https:\/\/kipark.de\/en\/wp-json\/wp\/v2\/pages\/19576","targetHints":{"allow":["GET"]}}],"collection":[{"href":"https:\/\/kipark.de\/en\/wp-json\/wp\/v2\/pages"}],"about":[{"href":"https:\/\/kipark.de\/en\/wp-json\/wp\/v2\/types\/page"}],"author":[{"embeddable":true,"href":"https:\/\/kipark.de\/en\/wp-json\/wp\/v2\/users\/10"}],"replies":[{"embeddable":true,"href":"https:\/\/kipark.de\/en\/wp-json\/wp\/v2\/comments?post=19576"}],"version-history":[{"count":0,"href":"https:\/\/kipark.de\/en\/wp-json\/wp\/v2\/pages\/19576\/revisions"}],"wp:attachment":[{"href":"https:\/\/kipark.de\/en\/wp-json\/wp\/v2\/media?parent=19576"}],"curies":[{"name":"wp","href":"https:\/\/api.w.org\/{rel}","templated":true}]}}